{"id":1183,"date":"2025-06-20T18:19:59","date_gmt":"2025-06-20T18:19:59","guid":{"rendered":"https:\/\/trainingowl.site\/?page_id=1183"},"modified":"2025-08-07T14:53:29","modified_gmt":"2025-08-07T14:53:29","slug":"online-coaching","status":"publish","type":"page","link":"https:\/\/trainingowl.site\/hr\/online-coaching\/","title":{"rendered":"Online trening"},"content":{"rendered":"<div data-elementor-type=\"wp-page\" data-elementor-id=\"1183\" class=\"elementor elementor-1183\">\n\t\t\t\t<div class=\"elementor-element elementor-element-11eed30 e-con-full e-flex e-con e-parent\" data-id=\"11eed30\" data-element_type=\"container\" data-e-type=\"container\" data-settings=\"{&quot;background_background&quot;:&quot;classic&quot;,&quot;shape_divider_bottom&quot;:&quot;tilt&quot;}\">\n\t\t\t\t<div class=\"elementor-shape elementor-shape-bottom\" aria-hidden=\"true\" data-negative=\"false\">\n\t\t\t<svg xmlns=\"http:\/\/www.w3.org\/2000\/svg\" viewbox=\"0 0 1000 100\" preserveaspectratio=\"none\">\n\t<path class=\"elementor-shape-fill\" d=\"M0,6V0h1000v100L0,6z\"\/>\n<\/svg>\t\t<\/div>\n\t\t<div class=\"elementor-element elementor-element-5c84339 e-con-full e-flex e-con e-child\" data-id=\"5c84339\" data-element_type=\"container\" data-e-type=\"container\">\n\t\t\t\t<div class=\"elementor-element elementor-element-ca14dd0 elementor-widget elementor-widget-icon-box\" data-id=\"ca14dd0\" data-element_type=\"widget\" data-e-type=\"widget\" data-widget_type=\"icon-box.default\">\n\t\t\t\t<div class=\"elementor-widget-container\">\n\t\t\t\t\t\t\t<div class=\"elementor-icon-box-wrapper\">\n\n\t\t\t\n\t\t\t\t\t\t<div class=\"elementor-icon-box-content\">\n\n\t\t\t\t\t\t\t\t\t<h1 class=\"elementor-icon-box-title\">\n\t\t\t\t\t\t<span  >\n\t\t\t\t\t\t\t<br><br><br><br><br><br>Treniraj sa mnom, bez obzira gdje se nalazi\u0161 \t\t\t\t\t\t<\/span>\n\t\t\t\t\t<\/h1>\n\t\t\t\t\n\t\t\t\t\n\t\t\t<\/div>\n\t\t\t\n\t\t<\/div>\n\t\t\t\t\t\t<\/div>\n\t\t\t\t<\/div>\n\t\t\t\t<div class=\"elementor-element elementor-element-26cac8a elementor-widget elementor-widget-heading\" data-id=\"26cac8a\" data-element_type=\"widget\" data-e-type=\"widget\" data-widget_type=\"heading.default\">\n\t\t\t\t<div class=\"elementor-widget-container\">\n\t\t\t\t\t<h2 class=\"elementor-heading-title elementor-size-default\">\u0160to je uklju\u010deno u suradnju?<\/h2>\t\t\t\t<\/div>\n\t\t\t\t<\/div>\n\t\t\t\t<\/div>\n\t\t\t\t<\/div>\n\t\t<div class=\"elementor-element elementor-element-b865b59 e-flex e-con-boxed e-con e-parent\" data-id=\"b865b59\" data-element_type=\"container\" data-e-type=\"container\">\n\t\t\t\t\t<div class=\"e-con-inner\">\n\t\t\t\t<div class=\"elementor-element elementor-element-73c7940 elementor-icon-list--layout-traditional elementor-list-item-link-full_width elementor-widget elementor-widget-icon-list\" data-id=\"73c7940\" data-element_type=\"widget\" data-e-type=\"widget\" data-widget_type=\"icon-list.default\">\n\t\t\t\t<div class=\"elementor-widget-container\">\n\t\t\t\t\t\t\t<ul class=\"elementor-icon-list-items\">\n\t\t\t\t\t\t\t<li class=\"elementor-icon-list-item\">\n\t\t\t\t\t\t\t\t\t\t<span class=\"elementor-icon-list-text\"> \u2705 Mjese\u010dni personalizirani plan treninga<\/span>\n\t\t\t\t\t\t\t\t\t<\/li>\n\t\t\t\t\t\t\t\t<li class=\"elementor-icon-list-item\">\n\t\t\t\t\t\t\t\t\t\t<span class=\"elementor-icon-list-text\">\u2705 Procjena mobilnosti i tjelesnih sposobnosti <\/span>\n\t\t\t\t\t\t\t\t\t<\/li>\n\t\t\t\t\t\t\t\t<li class=\"elementor-icon-list-item\">\n\t\t\t\t\t\t\t\t\t\t<span class=\"elementor-icon-list-text\">\u2705 Neograni\u010dena podr\u0161ka putem Whatsappa <\/span>\n\t\t\t\t\t\t\t\t\t<\/li>\n\t\t\t\t\t\t\t\t<li class=\"elementor-icon-list-item\">\n\t\t\t\t\t\t\t\t\t\t<span class=\"elementor-icon-list-text\">\u2705 Neograni\u010dena analiza video snimki treninga <\/span>\n\t\t\t\t\t\t\t\t\t<\/li>\n\t\t\t\t\t\t\t\t<li class=\"elementor-icon-list-item\">\n\t\t\t\t\t\t\t\t\t\t<span class=\"elementor-icon-list-text\">\u2705 Planiranje oporavka i prehrane<\/span>\n\t\t\t\t\t\t\t\t\t<\/li>\n\t\t\t\t\t\t\t\t<li class=\"elementor-icon-list-item\">\n\t\t\t\t\t\t\t\t\t\t<span class=\"elementor-icon-list-text\">\u2705 Video poziv u trajanju od 60 minuta jednom mjese\u010dno <\/span>\n\t\t\t\t\t\t\t\t\t<\/li>\n\t\t\t\t\t\t\t\t<li class=\"elementor-icon-list-item\">\n\t\t\t\t\t\t\t\t\t\t<span class=\"elementor-icon-list-text\">\u2705 Nadzorna plo\u010da za pra\u0107enje napretka<\/span>\n\t\t\t\t\t\t\t\t\t<\/li>\n\t\t\t\t\t\t<\/ul>\n\t\t\t\t\t\t<\/div>\n\t\t\t\t<\/div>\n\t\t\t\t\t<\/div>\n\t\t\t\t<\/div>\n\t\t<div class=\"elementor-element elementor-element-d2e26d4 e-flex e-con-boxed e-con e-parent\" data-id=\"d2e26d4\" data-element_type=\"container\" data-e-type=\"container\">\n\t\t\t\t\t<div class=\"e-con-inner\">\n\t\t\t\t<div class=\"elementor-element elementor-element-ddad833 elementor-align-left elementor-widget elementor-widget-button\" data-id=\"ddad833\" data-element_type=\"widget\" data-e-type=\"widget\" data-widget_type=\"button.default\">\n\t\t\t\t<div class=\"elementor-widget-container\">\n\t\t\t\t\t\t\t\t\t<div class=\"elementor-button-wrapper\">\n\t\t\t\t\t<a class=\"elementor-button elementor-button-link elementor-size-sm\" href=\"https:\/\/trainingowl.site\/hr\/tell-me-about-yourself\/\">\n\t\t\t\t\t\t<span class=\"elementor-button-content-wrapper\">\n\t\t\t\t\t\t\t\t\t<span class=\"elementor-button-text\">Ispuni upitnik za po\u010detak <\/span>\n\t\t\t\t\t<\/span>\n\t\t\t\t\t<\/a>\n\t\t\t\t<\/div>\n\t\t\t\t\t\t\t\t<\/div>\n\t\t\t\t<\/div>\n\t\t\t\t\t<\/div>\n\t\t\t\t<\/div>\n\t\t<div class=\"elementor-element elementor-element-fe44d8a e-flex e-con-boxed e-con e-parent\" data-id=\"fe44d8a\" data-element_type=\"container\" data-e-type=\"container\" data-settings=\"{&quot;background_background&quot;:&quot;classic&quot;}\">\n\t\t\t\t\t<div class=\"e-con-inner\">\n\t\t\t\t<div class=\"elementor-element elementor-element-d3d6eca elementor-widget elementor-widget-heading\" data-id=\"d3d6eca\" data-element_type=\"widget\" data-e-type=\"widget\" data-widget_type=\"heading.default\">\n\t\t\t\t<div class=\"elementor-widget-container\">\n\t\t\t\t\t<h2 class=\"elementor-heading-title elementor-size-default\"><br>Dobar trener koristi vje\u017ebe kako bi postigao raznovrsne ciljeve<\/h2>\t\t\t\t<\/div>\n\t\t\t\t<\/div>\n\t\t<div class=\"elementor-element elementor-element-80207a0 e-con-full e-flex e-con e-child\" data-id=\"80207a0\" data-element_type=\"container\" data-e-type=\"container\">\n\t\t\t\t<div class=\"elementor-element elementor-element-754e5df elementor-widget elementor-widget-image\" data-id=\"754e5df\" data-element_type=\"widget\" data-e-type=\"widget\" data-widget_type=\"image.default\">\n\t\t\t\t<div class=\"elementor-widget-container\">\n\t\t\t\t\t\t\t\t\t\t\t\t\t\t\t<img fetchpriority=\"high\" decoding=\"async\" width=\"1024\" height=\"860\" src=\"https:\/\/trainingowl.site\/wp-content\/uploads\/2026\/03\/primjeri-ciljeva.png\" class=\"attachment-large size-large wp-image-1578\" alt=\"\" srcset=\"https:\/\/trainingowl.site\/wp-content\/uploads\/2026\/03\/primjeri-ciljeva.png 1063w, https:\/\/trainingowl.site\/wp-content\/uploads\/2026\/03\/primjeri-ciljeva-300x252.png 300w, https:\/\/trainingowl.site\/wp-content\/uploads\/2026\/03\/primjeri-ciljeva-1024x860.png 1024w, https:\/\/trainingowl.site\/wp-content\/uploads\/2026\/03\/primjeri-ciljeva-768x645.png 768w, https:\/\/trainingowl.site\/wp-content\/uploads\/2026\/03\/primjeri-ciljeva-14x12.png 14w, https:\/\/trainingowl.site\/wp-content\/uploads\/2026\/03\/primjeri-ciljeva-600x504.png 600w\" sizes=\"(max-width: 1024px) 100vw, 1024px\" \/>\t\t\t\t\t\t\t\t\t\t\t\t\t\t\t<\/div>\n\t\t\t\t<\/div>\n\t\t\t\t<div class=\"elementor-element elementor-element-f645f19 elementor-widget elementor-widget-heading\" data-id=\"f645f19\" data-element_type=\"widget\" data-e-type=\"widget\" data-widget_type=\"heading.default\">\n\t\t\t\t<div class=\"elementor-widget-container\">\n\t\t\t\t\t<h2 class=\"elementor-heading-title elementor-size-default\">Trening nije generi\u010dan ve\u0107 <u>specifi\u010dan<\/u><\/h2>\t\t\t\t<\/div>\n\t\t\t\t<\/div>\n\t\t\t\t<\/div>\n\t\t\t\t\t<\/div>\n\t\t\t\t<\/div>\n\t\t<div class=\"elementor-element elementor-element-68f5162 e-flex e-con-boxed e-con e-parent\" data-id=\"68f5162\" data-element_type=\"container\" data-e-type=\"container\">\n\t\t\t\t\t<div class=\"e-con-inner\">\n\t\t\t\t<div class=\"elementor-element elementor-element-279bf35 elementor-widget elementor-widget-html\" data-id=\"279bf35\" data-element_type=\"widget\" data-e-type=\"widget\" data-widget_type=\"html.default\">\n\t\t\t\t<div class=\"elementor-widget-container\">\n\t\t\t\t\t<style>\r\n.single-pricing {\r\n  max-width: 700px;\r\n  margin: 60px auto;\r\n  background: #1a1a1a;\r\n  color: #fff;\r\n  padding: 40px 30px;\r\n  border-radius: 12px;\r\n  text-align: center;\r\n  box-shadow: 0 0 20px rgba(0,0,0,0.25);\r\n  font-family: 'Arial', sans-serif;\r\n}\r\n.single-pricing h2 {\r\n  font-size: 1.8rem;\r\n  color: #c5a878;\r\n  margin-bottom: 10px;\r\n}\r\n.single-pricing p.subtitle {\r\n  color: #ccc;\r\n  font-size: 1rem;\r\n  margin-bottom: 30px;\r\n}\r\n.single-pricing .price {\r\n  font-size: 2rem;\r\n  color: #4aabb2;\r\n  margin-bottom: 25px;\r\n}\r\n.single-pricing ul {\r\n  list-style: none;\r\n  padding: 0;\r\n  text-align: left;\r\n  max-width: 400px;\r\n  margin: 0 auto 30px;\r\n}\r\n.single-pricing ul li {\r\n  margin: 12px 0;\r\n  padding-left: 20px;\r\n  position: relative;\r\n  color: #eee;\r\n}\r\n.single-pricing ul li::before {\r\n  content: '\u2714';\r\n  position: absolute;\r\n  left: 0;\r\n  color: #4aabb2;\r\n}\r\n.cta-btn {\r\n  display: inline-block;\r\n  padding: 12px 24px;\r\n  background-color: #4aabb2;\r\n  color: #fff;\r\n  font-size: 1rem;\r\n  border-radius: 5px;\r\n  text-decoration: none;\r\n}\r\n<\/style>\r\n\r\n<div class=\"single-pricing\">\r\n  <h2>Online trening<\/h2>\r\n  <p class=\"subtitle\">Sve \u0161to ti je potrebno - u potpunosti online i uz stalnu podr\u0161ku<\/p>\r\n  <div class=\"price\">\u20ac120 \/ mjese\u010dno<\/div>\r\n  <ul>\r\n    <li>Mjese\u010dni personalizirani plan treninga<\/li>\r\n    <li>Procjena mobilnosti i tjelesnih sposobnosti<\/li>\r\n    <li>Neograni\u010dena podr\u0161ka putem Whatsappa<\/li>\r\n    <li>Neograni\u010dena analiza video snimki treninga<\/li>\r\n    <li>Planiranje oporavka i prehrane<\/li>\r\n    <li>Video poziv u trajanju od 60 minuta jednom mjese\u010dno<\/li>\r\n    <li>Nadzorna plo\u010da za pra\u0107enje napretka<\/li>\r\n  <\/ul>\r\n  <a href=\"https:\/\/trainingowl.site\/hr\/tell-me-about-yourself\/\" class=\"cta-btn\">Krenimo s radom<\/a>\r\n<\/div>\r\n\t\t\t\t<\/div>\n\t\t\t\t<\/div>\n\t\t\t\t\t<\/div>\n\t\t\t\t<\/div>\n\t\t\t\t<\/div>","protected":false},"excerpt":{"rendered":"<p>work with me from anywhere what&#8217;s included? \u2705Monthly Personalized Training Plan \u2705Mobility &#038; Fitness assessment \u2705Unlimited Whatsapp Support \u2705Unlimited Video Analysis \u2705Recovery &#038; Nutrition Guidance \u270560 Minute Video Call Each Month \u2705Progress Tracking Dashboard answer some questions to get started good coach uses exercise to achieve versatile goals&#8230; training isn&#8217;t generic it&#8217;s SPECIFIC Online Coaching [&hellip;]<\/p>","protected":false},"author":1,"featured_media":0,"parent":0,"menu_order":0,"comment_status":"closed","ping_status":"closed","template":"","meta":{"site-sidebar-layout":"no-sidebar","site-content-layout":"page-builder","ast-site-content-layout":"full-width-container","site-content-style":"default","site-sidebar-style":"default","ast-global-header-display":"","ast-banner-title-visibility":"","ast-main-header-display":"","ast-hfb-above-header-display":"","ast-hfb-below-header-display":"","ast-hfb-mobile-header-display":"","site-post-title":"disabled","ast-breadcrumbs-content":"","ast-featured-img":"disabled","footer-sml-layout":"","ast-disable-related-posts":"","theme-transparent-header-meta":"","adv-header-id-meta":"","stick-header-meta":"","header-above-stick-meta":"","header-main-stick-meta":"","header-below-stick-meta":"","astra-migrate-meta-layouts":"default","ast-page-background-enabled":"default","ast-page-background-meta":{"desktop":{"background-color":"","background-image":"","background-repeat":"repeat","background-position":"center center","background-size":"auto","background-attachment":"scroll","background-type":"","background-media":"","overlay-type":"","overlay-color":"","overlay-opacity":"","overlay-gradient":""},"tablet":{"background-color":"","background-image":"","background-repeat":"repeat","background-position":"center center","background-size":"auto","background-attachment":"scroll","background-type":"","background-media":"","overlay-type":"","overlay-color":"","overlay-opacity":"","overlay-gradient":""},"mobile":{"background-color":"","background-image":"","background-repeat":"repeat","background-position":"center center","background-size":"auto","background-attachment":"scroll","background-type":"","background-media":"","overlay-type":"","overlay-color":"","overlay-opacity":"","overlay-gradient":""}},"ast-content-background-meta":{"desktop":{"background-color":"var(--ast-global-color-5)","background-image":"","background-repeat":"repeat","background-position":"center center","background-size":"auto","background-attachment":"scroll","background-type":"","background-media":"","overlay-type":"","overlay-color":"","overlay-opacity":"","overlay-gradient":""},"tablet":{"background-color":"var(--ast-global-color-5)","background-image":"","background-repeat":"repeat","background-position":"center center","background-size":"auto","background-attachment":"scroll","background-type":"","background-media":"","overlay-type":"","overlay-color":"","overlay-opacity":"","overlay-gradient":""},"mobile":{"background-color":"var(--ast-global-color-5)","background-image":"","background-repeat":"repeat","background-position":"center center","background-size":"auto","background-attachment":"scroll","background-type":"","background-media":"","overlay-type":"","overlay-color":"","overlay-opacity":"","overlay-gradient":""}},"footnotes":""},"class_list":["post-1183","page","type-page","status-publish","hentry"],"yoast_head":"<!-- This site is optimized with the Yoast SEO plugin v27.4 - https:\/\/yoast.com\/product\/yoast-seo-wordpress\/ -->\n<title>Online Coaching - trainingowl.site<\/title>\n<meta name=\"robots\" content=\"index, follow, max-snippet:-1, max-image-preview:large, max-video-preview:-1\" \/>\n<link rel=\"canonical\" href=\"https:\/\/trainingowl.site\/hr\/online-coaching\/\" \/>\n<meta property=\"og:locale\" content=\"hr_HR\" \/>\n<meta property=\"og:type\" content=\"article\" \/>\n<meta property=\"og:title\" content=\"Online Coaching - trainingowl.site\" \/>\n<meta property=\"og:description\" content=\"work with me from anywhere what&#8217;s included? \u2705Monthly Personalized Training Plan \u2705Mobility &#038; Fitness assessment \u2705Unlimited Whatsapp Support \u2705Unlimited Video Analysis \u2705Recovery &#038; Nutrition Guidance \u270560 Minute Video Call Each Month \u2705Progress Tracking Dashboard answer some questions to get started good coach uses exercise to achieve versatile goals&#8230; training isn&#8217;t generic it&#8217;s SPECIFIC Online Coaching [&hellip;]\" \/>\n<meta property=\"og:url\" content=\"https:\/\/trainingowl.site\/hr\/online-coaching\/\" \/>\n<meta property=\"og:site_name\" content=\"trainingowl.site\" \/>\n<meta property=\"article:modified_time\" content=\"2025-08-07T14:53:29+00:00\" \/>\n<meta property=\"og:image\" content=\"https:\/\/trainingowl.site\/wp-content\/uploads\/2025\/06\/IMG_1668.jpg\" \/>\n\t<meta property=\"og:image:width\" content=\"1063\" \/>\n\t<meta property=\"og:image:height\" content=\"893\" \/>\n\t<meta property=\"og:image:type\" content=\"image\/jpeg\" \/>\n<meta name=\"twitter:card\" content=\"summary_large_image\" \/>\n<meta name=\"twitter:label1\" content=\"Procijenjeno vrijeme \u010ditanja\" \/>\n\t<meta name=\"twitter:data1\" content=\"2 minute\" \/>\n<script type=\"application\/ld+json\" class=\"yoast-schema-graph\">{\"@context\":\"https:\\\/\\\/schema.org\",\"@graph\":[{\"@type\":\"WebPage\",\"@id\":\"https:\\\/\\\/trainingowl.site\\\/online-coaching\\\/\",\"url\":\"https:\\\/\\\/trainingowl.site\\\/online-coaching\\\/\",\"name\":\"Online Coaching - trainingowl.site\",\"isPartOf\":{\"@id\":\"https:\\\/\\\/trainingowl.site\\\/#website\"},\"primaryImageOfPage\":{\"@id\":\"https:\\\/\\\/trainingowl.site\\\/online-coaching\\\/#primaryimage\"},\"image\":{\"@id\":\"https:\\\/\\\/trainingowl.site\\\/online-coaching\\\/#primaryimage\"},\"thumbnailUrl\":\"https:\\\/\\\/trainingowl.site\\\/wp-content\\\/uploads\\\/2025\\\/06\\\/IMG_1668-1024x860.jpg\",\"datePublished\":\"2025-06-20T18:19:59+00:00\",\"dateModified\":\"2025-08-07T14:53:29+00:00\",\"breadcrumb\":{\"@id\":\"https:\\\/\\\/trainingowl.site\\\/online-coaching\\\/#breadcrumb\"},\"inLanguage\":\"hr\",\"potentialAction\":[{\"@type\":\"ReadAction\",\"target\":[\"https:\\\/\\\/trainingowl.site\\\/online-coaching\\\/\"]}]},{\"@type\":\"ImageObject\",\"inLanguage\":\"hr\",\"@id\":\"https:\\\/\\\/trainingowl.site\\\/online-coaching\\\/#primaryimage\",\"url\":\"https:\\\/\\\/trainingowl.site\\\/wp-content\\\/uploads\\\/2025\\\/06\\\/IMG_1668-1024x860.jpg\",\"contentUrl\":\"https:\\\/\\\/trainingowl.site\\\/wp-content\\\/uploads\\\/2025\\\/06\\\/IMG_1668-1024x860.jpg\"},{\"@type\":\"BreadcrumbList\",\"@id\":\"https:\\\/\\\/trainingowl.site\\\/online-coaching\\\/#breadcrumb\",\"itemListElement\":[{\"@type\":\"ListItem\",\"position\":1,\"name\":\"Home\",\"item\":\"https:\\\/\\\/trainingowl.site\\\/\"},{\"@type\":\"ListItem\",\"position\":2,\"name\":\"Online Coaching\"}]},{\"@type\":\"WebSite\",\"@id\":\"https:\\\/\\\/trainingowl.site\\\/#website\",\"url\":\"https:\\\/\\\/trainingowl.site\\\/\",\"name\":\"trainingowl.site\",\"description\":\"Online fitness coaching\",\"publisher\":{\"@id\":\"https:\\\/\\\/trainingowl.site\\\/#organization\"},\"potentialAction\":[{\"@type\":\"SearchAction\",\"target\":{\"@type\":\"EntryPoint\",\"urlTemplate\":\"https:\\\/\\\/trainingowl.site\\\/?s={search_term_string}\"},\"query-input\":{\"@type\":\"PropertyValueSpecification\",\"valueRequired\":true,\"valueName\":\"search_term_string\"}}],\"inLanguage\":\"hr\"},{\"@type\":\"Organization\",\"@id\":\"https:\\\/\\\/trainingowl.site\\\/#organization\",\"name\":\"trainingowl.site\",\"url\":\"https:\\\/\\\/trainingowl.site\\\/\",\"logo\":{\"@type\":\"ImageObject\",\"inLanguage\":\"hr\",\"@id\":\"https:\\\/\\\/trainingowl.site\\\/#\\\/schema\\\/logo\\\/image\\\/\",\"url\":\"https:\\\/\\\/trainingowl.site\\\/wp-content\\\/uploads\\\/2025\\\/06\\\/logo.png.jpeg\",\"contentUrl\":\"https:\\\/\\\/trainingowl.site\\\/wp-content\\\/uploads\\\/2025\\\/06\\\/logo.png.jpeg\",\"width\":778,\"height\":765,\"caption\":\"trainingowl.site\"},\"image\":{\"@id\":\"https:\\\/\\\/trainingowl.site\\\/#\\\/schema\\\/logo\\\/image\\\/\"}}]}<\/script>\n<!-- \/ Yoast SEO plugin. -->","yoast_head_json":{"title":"Online Coaching - trainingowl.site","robots":{"index":"index","follow":"follow","max-snippet":"max-snippet:-1","max-image-preview":"max-image-preview:large","max-video-preview":"max-video-preview:-1"},"canonical":"https:\/\/trainingowl.site\/hr\/online-coaching\/","og_locale":"hr_HR","og_type":"article","og_title":"Online Coaching - trainingowl.site","og_description":"work with me from anywhere what&#8217;s included? \u2705Monthly Personalized Training Plan \u2705Mobility &#038; Fitness assessment \u2705Unlimited Whatsapp Support \u2705Unlimited Video Analysis \u2705Recovery &#038; Nutrition Guidance \u270560 Minute Video Call Each Month \u2705Progress Tracking Dashboard answer some questions to get started good coach uses exercise to achieve versatile goals&#8230; training isn&#8217;t generic it&#8217;s SPECIFIC Online Coaching [&hellip;]","og_url":"https:\/\/trainingowl.site\/hr\/online-coaching\/","og_site_name":"trainingowl.site","article_modified_time":"2025-08-07T14:53:29+00:00","og_image":[{"width":1063,"height":893,"url":"https:\/\/trainingowl.site\/wp-content\/uploads\/2025\/06\/IMG_1668.jpg","type":"image\/jpeg"}],"twitter_card":"summary_large_image","twitter_misc":{"Procijenjeno vrijeme \u010ditanja":"2 minute"},"schema":{"@context":"https:\/\/schema.org","@graph":[{"@type":"WebPage","@id":"https:\/\/trainingowl.site\/online-coaching\/","url":"https:\/\/trainingowl.site\/online-coaching\/","name":"Online Coaching - trainingowl.site","isPartOf":{"@id":"https:\/\/trainingowl.site\/#website"},"primaryImageOfPage":{"@id":"https:\/\/trainingowl.site\/online-coaching\/#primaryimage"},"image":{"@id":"https:\/\/trainingowl.site\/online-coaching\/#primaryimage"},"thumbnailUrl":"https:\/\/trainingowl.site\/wp-content\/uploads\/2025\/06\/IMG_1668-1024x860.jpg","datePublished":"2025-06-20T18:19:59+00:00","dateModified":"2025-08-07T14:53:29+00:00","breadcrumb":{"@id":"https:\/\/trainingowl.site\/online-coaching\/#breadcrumb"},"inLanguage":"hr","potentialAction":[{"@type":"ReadAction","target":["https:\/\/trainingowl.site\/online-coaching\/"]}]},{"@type":"ImageObject","inLanguage":"hr","@id":"https:\/\/trainingowl.site\/online-coaching\/#primaryimage","url":"https:\/\/trainingowl.site\/wp-content\/uploads\/2025\/06\/IMG_1668-1024x860.jpg","contentUrl":"https:\/\/trainingowl.site\/wp-content\/uploads\/2025\/06\/IMG_1668-1024x860.jpg"},{"@type":"BreadcrumbList","@id":"https:\/\/trainingowl.site\/online-coaching\/#breadcrumb","itemListElement":[{"@type":"ListItem","position":1,"name":"Home","item":"https:\/\/trainingowl.site\/"},{"@type":"ListItem","position":2,"name":"Online Coaching"}]},{"@type":"WebSite","@id":"https:\/\/trainingowl.site\/#website","url":"https:\/\/trainingowl.site\/","name":"trainingowl.site","description":"Online fitness coaching","publisher":{"@id":"https:\/\/trainingowl.site\/#organization"},"potentialAction":[{"@type":"SearchAction","target":{"@type":"EntryPoint","urlTemplate":"https:\/\/trainingowl.site\/?s={search_term_string}"},"query-input":{"@type":"PropertyValueSpecification","valueRequired":true,"valueName":"search_term_string"}}],"inLanguage":"hr"},{"@type":"Organization","@id":"https:\/\/trainingowl.site\/#organization","name":"trainingowl.site","url":"https:\/\/trainingowl.site\/","logo":{"@type":"ImageObject","inLanguage":"hr","@id":"https:\/\/trainingowl.site\/#\/schema\/logo\/image\/","url":"https:\/\/trainingowl.site\/wp-content\/uploads\/2025\/06\/logo.png.jpeg","contentUrl":"https:\/\/trainingowl.site\/wp-content\/uploads\/2025\/06\/logo.png.jpeg","width":778,"height":765,"caption":"trainingowl.site"},"image":{"@id":"https:\/\/trainingowl.site\/#\/schema\/logo\/image\/"}}]}},"_hostinger_reach_plugin_has_subscription_block":false,"_hostinger_reach_plugin_is_elementor":false,"jetpack_sharing_enabled":true,"_links":{"self":[{"href":"https:\/\/trainingowl.site\/hr\/wp-json\/wp\/v2\/pages\/1183","targetHints":{"allow":["GET"]}}],"collection":[{"href":"https:\/\/trainingowl.site\/hr\/wp-json\/wp\/v2\/pages"}],"about":[{"href":"https:\/\/trainingowl.site\/hr\/wp-json\/wp\/v2\/types\/page"}],"author":[{"embeddable":true,"href":"https:\/\/trainingowl.site\/hr\/wp-json\/wp\/v2\/users\/1"}],"replies":[{"embeddable":true,"href":"https:\/\/trainingowl.site\/hr\/wp-json\/wp\/v2\/comments?post=1183"}],"version-history":[{"count":77,"href":"https:\/\/trainingowl.site\/hr\/wp-json\/wp\/v2\/pages\/1183\/revisions"}],"predecessor-version":[{"id":2336,"href":"https:\/\/trainingowl.site\/hr\/wp-json\/wp\/v2\/pages\/1183\/revisions\/2336"}],"wp:attachment":[{"href":"https:\/\/trainingowl.site\/hr\/wp-json\/wp\/v2\/media?parent=1183"}],"curies":[{"name":"wp","href":"https:\/\/api.w.org\/{rel}","templated":true}]}}